{"id":1258,"date":"2023-05-03T11:11:09","date_gmt":"2023-05-03T10:11:09","guid":{"rendered":"https:\/\/sigbenelux.com\/?page_id=1258"},"modified":"2023-05-04T11:22:38","modified_gmt":"2023-05-04T10:22:38","slug":"boutiques-en-ligne","status":"publish","type":"page","link":"https:\/\/sigbenelux.com\/fr\/boutiques-en-ligne\/","title":{"rendered":"Boutiques en ligne"},"content":{"rendered":"\n<p>Nos boutiques en ligne vous offrent la commodit\u00e9 des achats en ligne, o\u00f9 vous pouvez commander \u00e0 tout moment, o\u00f9 que vous soyez, et vous faire livrer rapidement et facilement \u00e0 votre domicile ou retirer votre commande dans l&rsquo;une de nos succursales. Nous avons un magasin en ligne pour les Pays-Bas et deux pour la Belgique. Cliquez sur le lien ci-dessous pour trouver le magasin qui vous convient.<\/p>\n","protected":false},"excerpt":{"rendered":"<p>Nos boutiques en ligne vous offrent la commodit\u00e9 des achats en ligne,&#8230;<\/p>\n","protected":false},"author":1,"featured_media":1229,"parent":0,"menu_order":0,"comment_status":"closed","ping_status":"closed","template":"","meta":{"_acf_changed":false,"footnotes":""},"class_list":["post-1258","page","type-page","status-publish","has-post-thumbnail","hentry"],"acf":[],"yoast_head":"<!-- This site is optimized with the Yoast SEO plugin v27.6 - https:\/\/yoast.com\/product\/yoast-seo-wordpress\/ -->\n<title>Boutiques en ligne - SIG Benelux<\/title>\n<meta name=\"robots\" content=\"index, follow, max-snippet:-1, max-image-preview:large, max-video-preview:-1\" \/>\n<link rel=\"canonical\" href=\"https:\/\/sigbenelux.com\/fr\/boutiques-en-ligne\/\" \/>\n<meta property=\"og:locale\" content=\"fr_FR\" \/>\n<meta property=\"og:type\" content=\"article\" \/>\n<meta property=\"og:title\" content=\"Boutiques en ligne - SIG Benelux\" \/>\n<meta property=\"og:description\" content=\"Nos boutiques en ligne vous offrent la commodit\u00e9 des achats en ligne,...\" \/>\n<meta property=\"og:url\" content=\"https:\/\/sigbenelux.com\/fr\/boutiques-en-ligne\/\" \/>\n<meta property=\"og:site_name\" content=\"SIG Benelux\" \/>\n<meta property=\"article:modified_time\" content=\"2023-05-04T10:22:38+00:00\" \/>\n<meta property=\"og:image\" content=\"https:\/\/sigbenelux.com\/wp-content\/uploads\/2023\/05\/sig-nederland-webshop-mockup-1.jpg\" \/>\n\t<meta property=\"og:image:width\" content=\"1920\" \/>\n\t<meta property=\"og:image:height\" content=\"1200\" \/>\n\t<meta property=\"og:image:type\" content=\"image\/jpeg\" \/>\n<meta name=\"twitter:card\" content=\"summary_large_image\" \/>\n<meta name=\"twitter:label1\" content=\"Dur\u00e9e de lecture estim\u00e9e\" \/>\n\t<meta name=\"twitter:data1\" content=\"1 minute\" \/>\n<script type=\"application\/ld+json\" class=\"yoast-schema-graph\">{\"@context\":\"https:\\\/\\\/schema.org\",\"@graph\":[{\"@type\":\"WebPage\",\"@id\":\"https:\\\/\\\/sigbenelux.com\\\/fr\\\/boutiques-en-ligne\\\/\",\"url\":\"https:\\\/\\\/sigbenelux.com\\\/fr\\\/boutiques-en-ligne\\\/\",\"name\":\"Boutiques en ligne - SIG Benelux\",\"isPartOf\":{\"@id\":\"https:\\\/\\\/sigbenelux.com\\\/fr\\\/#website\"},\"primaryImageOfPage\":{\"@id\":\"https:\\\/\\\/sigbenelux.com\\\/fr\\\/boutiques-en-ligne\\\/#primaryimage\"},\"image\":{\"@id\":\"https:\\\/\\\/sigbenelux.com\\\/fr\\\/boutiques-en-ligne\\\/#primaryimage\"},\"thumbnailUrl\":\"https:\\\/\\\/sigbenelux.com\\\/wp-content\\\/uploads\\\/2023\\\/05\\\/sig-nederland-webshop-mockup-1.jpg\",\"datePublished\":\"2023-05-03T10:11:09+00:00\",\"dateModified\":\"2023-05-04T10:22:38+00:00\",\"breadcrumb\":{\"@id\":\"https:\\\/\\\/sigbenelux.com\\\/fr\\\/boutiques-en-ligne\\\/#breadcrumb\"},\"inLanguage\":\"fr-FR\",\"potentialAction\":[{\"@type\":\"ReadAction\",\"target\":[\"https:\\\/\\\/sigbenelux.com\\\/fr\\\/boutiques-en-ligne\\\/\"]}]},{\"@type\":\"ImageObject\",\"inLanguage\":\"fr-FR\",\"@id\":\"https:\\\/\\\/sigbenelux.com\\\/fr\\\/boutiques-en-ligne\\\/#primaryimage\",\"url\":\"https:\\\/\\\/sigbenelux.com\\\/wp-content\\\/uploads\\\/2023\\\/05\\\/sig-nederland-webshop-mockup-1.jpg\",\"contentUrl\":\"https:\\\/\\\/sigbenelux.com\\\/wp-content\\\/uploads\\\/2023\\\/05\\\/sig-nederland-webshop-mockup-1.jpg\",\"width\":1920,\"height\":1200},{\"@type\":\"BreadcrumbList\",\"@id\":\"https:\\\/\\\/sigbenelux.com\\\/fr\\\/boutiques-en-ligne\\\/#breadcrumb\",\"itemListElement\":[{\"@type\":\"ListItem\",\"position\":1,\"name\":\"Home\",\"item\":\"https:\\\/\\\/sigbenelux.com\\\/fr\\\/\"},{\"@type\":\"ListItem\",\"position\":2,\"name\":\"Boutiques en ligne\"}]},{\"@type\":\"WebSite\",\"@id\":\"https:\\\/\\\/sigbenelux.com\\\/fr\\\/#website\",\"url\":\"https:\\\/\\\/sigbenelux.com\\\/fr\\\/\",\"name\":\"SIG Benelux\",\"description\":\"\",\"potentialAction\":[{\"@type\":\"SearchAction\",\"target\":{\"@type\":\"EntryPoint\",\"urlTemplate\":\"https:\\\/\\\/sigbenelux.com\\\/fr\\\/?s={search_term_string}\"},\"query-input\":{\"@type\":\"PropertyValueSpecification\",\"valueRequired\":true,\"valueName\":\"search_term_string\"}}],\"inLanguage\":\"fr-FR\"}]}<\/script>\n<!-- \/ Yoast SEO plugin. -->","yoast_head_json":{"title":"Boutiques en ligne - SIG Benelux","robots":{"index":"index","follow":"follow","max-snippet":"max-snippet:-1","max-image-preview":"max-image-preview:large","max-video-preview":"max-video-preview:-1"},"canonical":"https:\/\/sigbenelux.com\/fr\/boutiques-en-ligne\/","og_locale":"fr_FR","og_type":"article","og_title":"Boutiques en ligne - SIG Benelux","og_description":"Nos boutiques en ligne vous offrent la commodit\u00e9 des achats en ligne,...","og_url":"https:\/\/sigbenelux.com\/fr\/boutiques-en-ligne\/","og_site_name":"SIG Benelux","article_modified_time":"2023-05-04T10:22:38+00:00","og_image":[{"width":1920,"height":1200,"url":"https:\/\/sigbenelux.com\/wp-content\/uploads\/2023\/05\/sig-nederland-webshop-mockup-1.jpg","type":"image\/jpeg"}],"twitter_card":"summary_large_image","twitter_misc":{"Dur\u00e9e de lecture estim\u00e9e":"1 minute"},"schema":{"@context":"https:\/\/schema.org","@graph":[{"@type":"WebPage","@id":"https:\/\/sigbenelux.com\/fr\/boutiques-en-ligne\/","url":"https:\/\/sigbenelux.com\/fr\/boutiques-en-ligne\/","name":"Boutiques en ligne - SIG Benelux","isPartOf":{"@id":"https:\/\/sigbenelux.com\/fr\/#website"},"primaryImageOfPage":{"@id":"https:\/\/sigbenelux.com\/fr\/boutiques-en-ligne\/#primaryimage"},"image":{"@id":"https:\/\/sigbenelux.com\/fr\/boutiques-en-ligne\/#primaryimage"},"thumbnailUrl":"https:\/\/sigbenelux.com\/wp-content\/uploads\/2023\/05\/sig-nederland-webshop-mockup-1.jpg","datePublished":"2023-05-03T10:11:09+00:00","dateModified":"2023-05-04T10:22:38+00:00","breadcrumb":{"@id":"https:\/\/sigbenelux.com\/fr\/boutiques-en-ligne\/#breadcrumb"},"inLanguage":"fr-FR","potentialAction":[{"@type":"ReadAction","target":["https:\/\/sigbenelux.com\/fr\/boutiques-en-ligne\/"]}]},{"@type":"ImageObject","inLanguage":"fr-FR","@id":"https:\/\/sigbenelux.com\/fr\/boutiques-en-ligne\/#primaryimage","url":"https:\/\/sigbenelux.com\/wp-content\/uploads\/2023\/05\/sig-nederland-webshop-mockup-1.jpg","contentUrl":"https:\/\/sigbenelux.com\/wp-content\/uploads\/2023\/05\/sig-nederland-webshop-mockup-1.jpg","width":1920,"height":1200},{"@type":"BreadcrumbList","@id":"https:\/\/sigbenelux.com\/fr\/boutiques-en-ligne\/#breadcrumb","itemListElement":[{"@type":"ListItem","position":1,"name":"Home","item":"https:\/\/sigbenelux.com\/fr\/"},{"@type":"ListItem","position":2,"name":"Boutiques en ligne"}]},{"@type":"WebSite","@id":"https:\/\/sigbenelux.com\/fr\/#website","url":"https:\/\/sigbenelux.com\/fr\/","name":"SIG Benelux","description":"","potentialAction":[{"@type":"SearchAction","target":{"@type":"EntryPoint","urlTemplate":"https:\/\/sigbenelux.com\/fr\/?s={search_term_string}"},"query-input":{"@type":"PropertyValueSpecification","valueRequired":true,"valueName":"search_term_string"}}],"inLanguage":"fr-FR"}]}},"_links":{"self":[{"href":"https:\/\/sigbenelux.com\/fr\/wp-json\/wp\/v2\/pages\/1258","targetHints":{"allow":["GET"]}}],"collection":[{"href":"https:\/\/sigbenelux.com\/fr\/wp-json\/wp\/v2\/pages"}],"about":[{"href":"https:\/\/sigbenelux.com\/fr\/wp-json\/wp\/v2\/types\/page"}],"author":[{"embeddable":true,"href":"https:\/\/sigbenelux.com\/fr\/wp-json\/wp\/v2\/users\/1"}],"replies":[{"embeddable":true,"href":"https:\/\/sigbenelux.com\/fr\/wp-json\/wp\/v2\/comments?post=1258"}],"version-history":[{"count":2,"href":"https:\/\/sigbenelux.com\/fr\/wp-json\/wp\/v2\/pages\/1258\/revisions"}],"predecessor-version":[{"id":1260,"href":"https:\/\/sigbenelux.com\/fr\/wp-json\/wp\/v2\/pages\/1258\/revisions\/1260"}],"wp:featuredmedia":[{"embeddable":true,"href":"https:\/\/sigbenelux.com\/fr\/wp-json\/wp\/v2\/media\/1229"}],"wp:attachment":[{"href":"https:\/\/sigbenelux.com\/fr\/wp-json\/wp\/v2\/media?parent=1258"}],"curies":[{"name":"wp","href":"https:\/\/api.w.org\/{rel}","templated":true}]}}