{"id":702,"date":"2021-12-03T17:51:08","date_gmt":"2021-12-03T16:51:08","guid":{"rendered":"https:\/\/sigbenelux.com\/sig-in-belgie\/"},"modified":"2022-06-21T16:26:54","modified_gmt":"2022-06-21T15:26:54","slug":"sig-in-belgie","status":"publish","type":"page","link":"https:\/\/sigbenelux.com\/fr\/sig-in-belgie\/","title":{"rendered":"SIG en Belgique"},"content":{"rendered":"\n<div class=\"wp-block-columns is-layout-flex wp-container-core-columns-is-layout-9d6595d7 wp-block-columns-is-layout-flex\">\n<div class=\"wp-block-column is-layout-flow wp-block-column-is-layout-flow\" style=\"flex-basis:66.66%\">\n<p>MPA Bouwspecialiteiten a \u00e9t\u00e9 fond\u00e9e en 1980. Les deux succursales de MPA sont situ\u00e9es \u00e0 Lille et \u00e0 Lummen. Le si\u00e8ge social est \u00e9galement situ\u00e9 \u00e0 Lummen. MPA est sp\u00e9cialis\u00e9e dans la distribution de mat\u00e9riaux de finition et d&rsquo;isolation. L&rsquo;entreprise dispose d&rsquo;un stock important et d&rsquo;une gamme \u00e9tendue. MPA poss\u00e8de une flotte de camions, dont un camion grue, un singe cage, un camion silo et un camion vrac pour livrer les commandes l\u00e0 o\u00f9 nos clients le souhaitent. MPA est le sp\u00e9cialiste en Belgique de la vente et de la location de machines \u00e0 projeter pour le pl\u00e2trier professionnel. Avec son propre service de r\u00e9paration de techniciens avec un v\u00e9hicule d&rsquo;intervention pour pouvoir effectuer les r\u00e9parations sur les chantiers.<\/p>\n<\/div>\n\n\n\n<div class=\"wp-block-column is-layout-flow wp-block-column-is-layout-flow\" style=\"flex-basis:33.33%\">\n<div class=\"wp-block-columns showcase-logo is-layout-flex wp-container-core-columns-is-layout-9d6595d7 wp-block-columns-is-layout-flex\">\n<div class=\"wp-block-column is-layout-flow wp-block-column-is-layout-flow\" style=\"flex-basis:100%\">\n<figure class=\"wp-block-image size-full\"><img decoding=\"async\" height=\"87\" src=\"https:\/\/sigbenelux.com\/wp-content\/uploads\/2022\/01\/mpa-logo.png\" alt=\"\" class=\"wp-image-302\"\/><\/figure><\/div>\n<\/div>\n<\/div>\n<\/div>\n\n<div class=\"wp-block-columns is-layout-flex wp-container-core-columns-is-layout-9d6595d7 wp-block-columns-is-layout-flex\">\n<div class=\"wp-block-column is-layout-flow wp-block-column-is-layout-flow\" style=\"flex-basis:66.66%\">\n<p>Isolatec est situ\u00e9 \u00e0 Hasselt et est actif depuis 1985 en tant qu&rsquo;importateur\/grossiste de mat\u00e9riaux d&rsquo;isolation techniques et industriels. Service, flexibilit\u00e9 et livraisons rapides sont les points forts de l&rsquo;entreprise. Une offre vari\u00e9e d&rsquo;isolants, tant thermiques qu&rsquo;acoustiques, pour des temp\u00e9ratures \u00e9lev\u00e9es ou extr\u00eamement basses, ainsi que des produits connexes, constituent une gamme compl\u00e8te. Isolatec s&rsquo;est forg\u00e9 une solide r\u00e9putation dans la fourniture d&rsquo;isolants techniques et industriels, tant pour les services publics que pour l&rsquo;industrie.<\/p>\n\n\n\n<p>La soci\u00e9t\u00e9 s\u0153ur d&rsquo;Isolatec, SIG Technische Isolatiespecialist, est sp\u00e9cialis\u00e9e dans le traitement (traitement 2D) de tous les mat\u00e9riaux d&rsquo;isolation possibles. L&rsquo;entreprise a de nombreuses ann\u00e9es d&rsquo;exp\u00e9rience en ce qui concerne toutes les exigences possibles des OEM.<\/p>\n<\/div>\n\n\n\n<div class=\"wp-block-column is-layout-flow wp-block-column-is-layout-flow\" style=\"flex-basis:33.33%\">\n<div class=\"wp-block-columns showcase-logo is-layout-flex wp-container-core-columns-is-layout-9d6595d7 wp-block-columns-is-layout-flex\">\n<div class=\"wp-block-column is-layout-flow wp-block-column-is-layout-flow\" style=\"flex-basis:100%\">\n<figure class=\"wp-block-image size-full\"><img decoding=\"async\" src=\"https:\/\/sigbenelux.com\/wp-content\/uploads\/2022\/01\/isolatec-logo.png\" alt=\"\" height=\"110\" class=\"wp-image-303\"\/><\/figure><\/div>\n<\/div>\n<\/div>\n<\/div>\n","protected":false},"excerpt":{"rendered":"<p>MPA Bouwspecialiteiten a \u00e9t\u00e9 fond\u00e9e en 1980. Les deux succursales de MPA&#8230;<\/p>\n","protected":false},"author":1,"featured_media":637,"parent":0,"menu_order":0,"comment_status":"closed","ping_status":"closed","template":"","meta":{"_acf_changed":false,"footnotes":""},"class_list":["post-702","page","type-page","status-publish","has-post-thumbnail","hentry"],"acf":[],"yoast_head":"<!-- This site is optimized with the Yoast SEO plugin v27.5 - https:\/\/yoast.com\/product\/yoast-seo-wordpress\/ -->\n<title>SIG en Belgique - SIG Benelux<\/title>\n<meta name=\"robots\" content=\"index, follow, max-snippet:-1, max-image-preview:large, max-video-preview:-1\" \/>\n<link rel=\"canonical\" href=\"https:\/\/sigbenelux.com\/fr\/sig-in-belgie\/\" \/>\n<meta property=\"og:locale\" content=\"fr_FR\" \/>\n<meta property=\"og:type\" content=\"article\" \/>\n<meta property=\"og:title\" content=\"SIG en Belgique - SIG Benelux\" \/>\n<meta property=\"og:description\" content=\"MPA Bouwspecialiteiten a \u00e9t\u00e9 fond\u00e9e en 1980. Les deux succursales de MPA...\" \/>\n<meta property=\"og:url\" content=\"https:\/\/sigbenelux.com\/fr\/sig-in-belgie\/\" \/>\n<meta property=\"og:site_name\" content=\"SIG Benelux\" \/>\n<meta property=\"article:modified_time\" content=\"2022-06-21T15:26:54+00:00\" \/>\n<meta property=\"og:image\" content=\"https:\/\/sigbenelux.com\/wp-content\/uploads\/2022\/01\/drone-mpa-belgie.jpg\" \/>\n\t<meta property=\"og:image:width\" content=\"2880\" \/>\n\t<meta property=\"og:image:height\" content=\"640\" \/>\n\t<meta property=\"og:image:type\" content=\"image\/jpeg\" \/>\n<meta name=\"twitter:card\" content=\"summary_large_image\" \/>\n<meta name=\"twitter:label1\" content=\"Dur\u00e9e de lecture estim\u00e9e\" \/>\n\t<meta name=\"twitter:data1\" content=\"2 minutes\" \/>\n<script type=\"application\/ld+json\" class=\"yoast-schema-graph\">{\"@context\":\"https:\\\/\\\/schema.org\",\"@graph\":[{\"@type\":\"WebPage\",\"@id\":\"https:\\\/\\\/sigbenelux.com\\\/fr\\\/sig-in-belgie\\\/\",\"url\":\"https:\\\/\\\/sigbenelux.com\\\/fr\\\/sig-in-belgie\\\/\",\"name\":\"SIG en Belgique - SIG Benelux\",\"isPartOf\":{\"@id\":\"https:\\\/\\\/sigbenelux.com\\\/fr\\\/#website\"},\"primaryImageOfPage\":{\"@id\":\"https:\\\/\\\/sigbenelux.com\\\/fr\\\/sig-in-belgie\\\/#primaryimage\"},\"image\":{\"@id\":\"https:\\\/\\\/sigbenelux.com\\\/fr\\\/sig-in-belgie\\\/#primaryimage\"},\"thumbnailUrl\":\"https:\\\/\\\/sigbenelux.com\\\/wp-content\\\/uploads\\\/2022\\\/01\\\/drone-mpa-belgie.jpg\",\"datePublished\":\"2021-12-03T16:51:08+00:00\",\"dateModified\":\"2022-06-21T15:26:54+00:00\",\"breadcrumb\":{\"@id\":\"https:\\\/\\\/sigbenelux.com\\\/fr\\\/sig-in-belgie\\\/#breadcrumb\"},\"inLanguage\":\"fr-FR\",\"potentialAction\":[{\"@type\":\"ReadAction\",\"target\":[\"https:\\\/\\\/sigbenelux.com\\\/fr\\\/sig-in-belgie\\\/\"]}]},{\"@type\":\"ImageObject\",\"inLanguage\":\"fr-FR\",\"@id\":\"https:\\\/\\\/sigbenelux.com\\\/fr\\\/sig-in-belgie\\\/#primaryimage\",\"url\":\"https:\\\/\\\/sigbenelux.com\\\/wp-content\\\/uploads\\\/2022\\\/01\\\/drone-mpa-belgie.jpg\",\"contentUrl\":\"https:\\\/\\\/sigbenelux.com\\\/wp-content\\\/uploads\\\/2022\\\/01\\\/drone-mpa-belgie.jpg\",\"width\":2880,\"height\":640},{\"@type\":\"BreadcrumbList\",\"@id\":\"https:\\\/\\\/sigbenelux.com\\\/fr\\\/sig-in-belgie\\\/#breadcrumb\",\"itemListElement\":[{\"@type\":\"ListItem\",\"position\":1,\"name\":\"Home\",\"item\":\"https:\\\/\\\/sigbenelux.com\\\/fr\\\/\"},{\"@type\":\"ListItem\",\"position\":2,\"name\":\"SIG en Belgique\"}]},{\"@type\":\"WebSite\",\"@id\":\"https:\\\/\\\/sigbenelux.com\\\/fr\\\/#website\",\"url\":\"https:\\\/\\\/sigbenelux.com\\\/fr\\\/\",\"name\":\"SIG Benelux\",\"description\":\"\",\"potentialAction\":[{\"@type\":\"SearchAction\",\"target\":{\"@type\":\"EntryPoint\",\"urlTemplate\":\"https:\\\/\\\/sigbenelux.com\\\/fr\\\/?s={search_term_string}\"},\"query-input\":{\"@type\":\"PropertyValueSpecification\",\"valueRequired\":true,\"valueName\":\"search_term_string\"}}],\"inLanguage\":\"fr-FR\"}]}<\/script>\n<!-- \/ Yoast SEO plugin. -->","yoast_head_json":{"title":"SIG en Belgique - SIG Benelux","robots":{"index":"index","follow":"follow","max-snippet":"max-snippet:-1","max-image-preview":"max-image-preview:large","max-video-preview":"max-video-preview:-1"},"canonical":"https:\/\/sigbenelux.com\/fr\/sig-in-belgie\/","og_locale":"fr_FR","og_type":"article","og_title":"SIG en Belgique - SIG Benelux","og_description":"MPA Bouwspecialiteiten a \u00e9t\u00e9 fond\u00e9e en 1980. Les deux succursales de MPA...","og_url":"https:\/\/sigbenelux.com\/fr\/sig-in-belgie\/","og_site_name":"SIG Benelux","article_modified_time":"2022-06-21T15:26:54+00:00","og_image":[{"width":2880,"height":640,"url":"https:\/\/sigbenelux.com\/wp-content\/uploads\/2022\/01\/drone-mpa-belgie.jpg","type":"image\/jpeg"}],"twitter_card":"summary_large_image","twitter_misc":{"Dur\u00e9e de lecture estim\u00e9e":"2 minutes"},"schema":{"@context":"https:\/\/schema.org","@graph":[{"@type":"WebPage","@id":"https:\/\/sigbenelux.com\/fr\/sig-in-belgie\/","url":"https:\/\/sigbenelux.com\/fr\/sig-in-belgie\/","name":"SIG en Belgique - SIG Benelux","isPartOf":{"@id":"https:\/\/sigbenelux.com\/fr\/#website"},"primaryImageOfPage":{"@id":"https:\/\/sigbenelux.com\/fr\/sig-in-belgie\/#primaryimage"},"image":{"@id":"https:\/\/sigbenelux.com\/fr\/sig-in-belgie\/#primaryimage"},"thumbnailUrl":"https:\/\/sigbenelux.com\/wp-content\/uploads\/2022\/01\/drone-mpa-belgie.jpg","datePublished":"2021-12-03T16:51:08+00:00","dateModified":"2022-06-21T15:26:54+00:00","breadcrumb":{"@id":"https:\/\/sigbenelux.com\/fr\/sig-in-belgie\/#breadcrumb"},"inLanguage":"fr-FR","potentialAction":[{"@type":"ReadAction","target":["https:\/\/sigbenelux.com\/fr\/sig-in-belgie\/"]}]},{"@type":"ImageObject","inLanguage":"fr-FR","@id":"https:\/\/sigbenelux.com\/fr\/sig-in-belgie\/#primaryimage","url":"https:\/\/sigbenelux.com\/wp-content\/uploads\/2022\/01\/drone-mpa-belgie.jpg","contentUrl":"https:\/\/sigbenelux.com\/wp-content\/uploads\/2022\/01\/drone-mpa-belgie.jpg","width":2880,"height":640},{"@type":"BreadcrumbList","@id":"https:\/\/sigbenelux.com\/fr\/sig-in-belgie\/#breadcrumb","itemListElement":[{"@type":"ListItem","position":1,"name":"Home","item":"https:\/\/sigbenelux.com\/fr\/"},{"@type":"ListItem","position":2,"name":"SIG en Belgique"}]},{"@type":"WebSite","@id":"https:\/\/sigbenelux.com\/fr\/#website","url":"https:\/\/sigbenelux.com\/fr\/","name":"SIG Benelux","description":"","potentialAction":[{"@type":"SearchAction","target":{"@type":"EntryPoint","urlTemplate":"https:\/\/sigbenelux.com\/fr\/?s={search_term_string}"},"query-input":{"@type":"PropertyValueSpecification","valueRequired":true,"valueName":"search_term_string"}}],"inLanguage":"fr-FR"}]}},"_links":{"self":[{"href":"https:\/\/sigbenelux.com\/fr\/wp-json\/wp\/v2\/pages\/702","targetHints":{"allow":["GET"]}}],"collection":[{"href":"https:\/\/sigbenelux.com\/fr\/wp-json\/wp\/v2\/pages"}],"about":[{"href":"https:\/\/sigbenelux.com\/fr\/wp-json\/wp\/v2\/types\/page"}],"author":[{"embeddable":true,"href":"https:\/\/sigbenelux.com\/fr\/wp-json\/wp\/v2\/users\/1"}],"replies":[{"embeddable":true,"href":"https:\/\/sigbenelux.com\/fr\/wp-json\/wp\/v2\/comments?post=702"}],"version-history":[{"count":5,"href":"https:\/\/sigbenelux.com\/fr\/wp-json\/wp\/v2\/pages\/702\/revisions"}],"predecessor-version":[{"id":842,"href":"https:\/\/sigbenelux.com\/fr\/wp-json\/wp\/v2\/pages\/702\/revisions\/842"}],"wp:featuredmedia":[{"embeddable":true,"href":"https:\/\/sigbenelux.com\/fr\/wp-json\/wp\/v2\/media\/637"}],"wp:attachment":[{"href":"https:\/\/sigbenelux.com\/fr\/wp-json\/wp\/v2\/media?parent=702"}],"curies":[{"name":"wp","href":"https:\/\/api.w.org\/{rel}","templated":true}]}}