{"id":811,"date":"2022-01-04T11:47:48","date_gmt":"2022-01-04T10:47:48","guid":{"rendered":"https:\/\/sigbenelux.com\/notre-marque-speedline\/"},"modified":"2022-07-08T11:24:30","modified_gmt":"2022-07-08T10:24:30","slug":"notre-marque-speedline","status":"publish","type":"page","link":"https:\/\/sigbenelux.com\/fr\/notre-marque-speedline\/","title":{"rendered":"Notre marque Speedline"},"content":{"rendered":"\n<section class=\"c-page-intro pb-sm cpt\"><div class=\"container\">\n    <img decoding=\"async\" class=\"img-control img-settlement\" style=\"height: 300px;\" alt=\"Speedline\" src=\"\/wp-content\/themes\/sigbenelux\/images\/speedline\/speedline-partner-banner.jpg\"><\/div>\n<\/section><section><div class=\"container\"><h3>LE BON DU PREMIER COUP EST TOUJOURS PLUS RAPIDE<\/h3>\n    <div class=\"row cs-md\">\n        <div class=\"col-md-6\">\n            <div class=\"c-snippet\">\n                <p>Nous comprenons mieux que quiconque que vous voulez faire un bon travail d\u00e8s la premi\u00e8re fois. Ce n&rsquo;est pas pour rien que l&rsquo;on dit : bien du premier coup est toujours plus rapide.\n                    <br><br>\n                    Saviez-vous que nos peintures murales et nos enduits d\u00e9coratifs peuvent \u00eatre m\u00e9lang\u00e9s dans presque toutes les couleurs possibles?\n                <\/p>\n            <\/div>\n        <\/div>\n        <div class=\"col-md-6 partner-logo\"><img decoding=\"async\" class=\"logo\" alt=\"Speedline\" src=\"\/wp-content\/themes\/sigbenelux\/images\/speedline\/logo-speedline.svg\"><\/div>\n    <\/div>\n<\/div>\n<\/section><section class=\"c-featured-articles partners\"><div class=\"container\"><h2>\u00c9conomisez du temps et de l&rsquo;argent<\/h2>\n    <div class=\"items\">\n        <div class=\"item align-items-start\">\n            <div class=\"c-snippet\"><h4 class=\"title color-text\">N\u00c9E DE L&rsquo;UTILISATEUR<\/h4>\n                <p class=\"cmb\">Les produits Speedline sont de haute qualit\u00e9 et faciles \u00e0 traiter. Avec Speedline, vous \u00e9conomisez du temps et de l&rsquo;argent et vous avez la garantie d&rsquo;une finition de haute qualit\u00e9. Nos produits de comblement de joints sont disponibles en diff\u00e9rents temps de traitement, en fonction de vos besoins. Vous pouvez choisir entre 45 et 120 minutes de temps de traitement. Avec le remplisseur, vous effectuez des travaux de r\u00e9paration, disponibles en diff\u00e9rentes quantit\u00e9s. Le beurre pour joints Speedline se r\u00e9tracte jusqu&rsquo;\u00e0 30% moins que les p\u00e2tes ordinaires, r\u00e9siste \u00e0 la d\u00e9chirure, donne une bonne adh\u00e9rence et convient \u00e9galement tr\u00e8s bien comme enduit.<\/p>\n            <\/div>\n            <div class=\"image\"><img decoding=\"async\" src=\"\/wp-content\/themes\/sigbenelux\/images\/speedline\/speedline-02.jpg\" alt=\"Inspired by the user\"><\/div>\n        <\/div>\n        <div class=\"item align-items-start\">\n            <div class=\"c-snippet\"><h4 class=\"title color-text\">PLUS DE SPEEDLINE<\/h4><p class=\"cmb\">\n            <\/p><p>Les peintures murales Speedline se d\u00e9clinent en diff\u00e9rentes variantes : une solution pour chaque travail. De la tr\u00e8s facile \u00e0 nettoyer Speedline Supertex Clean (classe de r\u00e9sistance au frottement 1) \u00e0 la peinture de fa\u00e7ade mate de haute qualit\u00e9 Speedline Supertex Pearl, il existe une large gamme de peintures de haute qualit\u00e9. Vous pouvez pr\u00e9parer et terminer n&rsquo;importe quel travail avec les diff\u00e9rents agents de pr\u00e9traitement. Du contact avec le b\u00e9ton \u00e0 l&rsquo;appr\u00eat, il existe une pr\u00e9paration Speedline pour presque tous les substrats. Les enduits d\u00e9coratifs sont disponibles en deux variantes : Microputz pour une finition d\u00e9corative tr\u00e8s fine \u00e0 l&rsquo;int\u00e9rieur et le Spachtelputz qui peut \u00eatre utilis\u00e9 \u00e0 l&rsquo;int\u00e9rieur comme \u00e0 l&rsquo;ext\u00e9rieur. Le Spachtelputz est disponible en diff\u00e9rentes granulom\u00e9tries.<\/p>\n            <\/div>\n            <div class=\"image\">\n                <img decoding=\"async\" src=\"\/wp-content\/themes\/sigbenelux\/images\/speedline\/speedline-01.jpg\" alt=\"Plus de Speedline\"><\/div>\n        <\/div>\n    <\/div>\n<\/div>\n<\/section><section><div class=\"container\"><h2>Nos produits<\/h2>\n    <div class=\"c-snippet mb-md\"><p>Consultez la large gamme de produits offerts par Speedline.<\/p><\/div>\n    <div class=\"c-circle-blocks mb-lg\">\n        <div class=\"items\">\n            <div class=\"item\"><h4 class=\"title color-text\">Produits de remplissage et de finition<\/h4>\n                <div class=\"image\"><img decoding=\"async\" style=\"object-position: 50% 50%;\" src=\"\/wp-content\/themes\/sigbenelux\/images\/speedline\/speedline-reparatie.jpg\" alt=\"Fillers and finishers\"><\/div>\n            <\/div>\n            <div class=\"item\"><h4 class=\"title color-text\">Pl\u00e2tres d\u00e9coratifs<\/h4>\n\n                <div class=\"image\"><img decoding=\"async\" style=\"object-position: 50% 50%;\" src=\"\/wp-content\/themes\/sigbenelux\/images\/speedline\/speedline-sierpleisters.png\" alt=\"Sierpleisters\"><\/div>\n            <\/div>\n            <div class=\"item\"><h4 class=\"title color-text\">Peintures murales<\/h4>\n                <div class=\"image\"><img decoding=\"async\" style=\"object-position: 50% 50%;\" src=\"\/wp-content\/themes\/sigbenelux\/images\/speedline\/speedline-muurverven.png\" alt=\"Muurverven\"><\/div>\n            <\/div>\n            <div class=\"item\"><h4 class=\"title color-text\">Pr\u00e9traitement<\/h4>\n\n                <div class=\"image\"><img decoding=\"async\" style=\"object-position: 50% 50%;\" src=\"\/wp-content\/themes\/sigbenelux\/images\/speedline\/speedline-voorbahendeling.png\" alt=\"Voorbehandeling\"><\/div>\n            <\/div>\n            <div class=\"item\"><h4 class=\"title color-text\">Accessoires<\/h4>\n                <div class=\"image\"><img decoding=\"async\" style=\"object-position: 50% 50%;\" src=\"\/wp-content\/themes\/sigbenelux\/images\/speedline\/speedline-accessoires.jpg\" alt=\"Accessoires\"><\/div>\n            <\/div>\n        <\/div>\n    <\/div><\/div>\n<\/section><section><div class=\"container\"><h2 class=\"mb-md\">T\u00e9moignages de clients<\/h2>\n    <div class=\"c-customer-quotes\">\n        <div class=\"items\">\n            <div class=\"item\">\n                <div class=\"image\"><img decoding=\"async\" src=\"\/wp-content\/themes\/sigbenelux\/images\/speedline\/osman.png\" alt=\"Ali Osman\"><\/div>\n                <div class=\"content\">\n                    <div class=\"quote\">\n                        <div class=\"quote-open\">\u201c<\/div>\n                        <div class=\"text\">Avec Speedline, tout peut \u00eatre fait en un jour. Cela permet d&rsquo;\u00e9conomiser beaucoup de temps et d&rsquo;argent.<\/div>\n                        <div class=\"quote-close\">\u201d<\/div>\n                    <\/div>\n                    <div class=\"author\">Ali Osman<\/div><\/div>\n            <\/div>\n            <div class=\"item\">\n                <div class=\"image\"><img decoding=\"async\" src=\"\/wp-content\/themes\/sigbenelux\/images\/speedline\/fennes.png\" alt=\"Dennis Fennes\"><\/div>\n                <div class=\"content\">\n                    <div class=\"quote\">\n                        <div class=\"quote-open\">\u201c<\/div>\n                        <div class=\"text\">Le flexcorner est le num\u00e9ro 1 pour nous.<\/div>\n                        <div class=\"quote-close\">\u201d<\/div>\n                    <\/div>\n                    <div class=\"author\">Dennis Fennes<\/div><\/div>\n            <\/div>\n        <\/div>\n    <\/div>\n<\/div>\n<\/section><section class=\"c-content pt-lg pb-lg bg-gray\"><div class=\"container narrow\"><h2>Ontdek het assortiment<\/h2>\n    <div class=\"c-snippet mb-sm\"><p>\n    <\/p><p>Bekijk ons ruime assortiment<\/p>\n        <div class=\"actions\"><a class=\"btn btn-lg btn-white\" href=\"https:\/\/www.sigafbouwspecialist.nl\/search?q=speedline\"> Bekijk het assortiment<\/a>\n        <\/div>\n    <\/div>\n<\/div>\n<\/section>\n","protected":false},"excerpt":{"rendered":"<p>LE BON DU PREMIER COUP EST TOUJOURS PLUS RAPIDE Nous comprenons mieux&#8230;<\/p>\n","protected":false},"author":1,"featured_media":1512,"parent":0,"menu_order":0,"comment_status":"closed","ping_status":"closed","template":"page-minimal.php","meta":{"_acf_changed":false,"footnotes":""},"class_list":["post-811","page","type-page","status-publish","has-post-thumbnail","hentry"],"acf":[],"yoast_head":"<!-- This site is optimized with the Yoast SEO plugin v27.5 - https:\/\/yoast.com\/product\/yoast-seo-wordpress\/ -->\n<title>Notre marque Speedline - SIG Benelux<\/title>\n<meta name=\"robots\" content=\"index, follow, max-snippet:-1, max-image-preview:large, max-video-preview:-1\" \/>\n<link rel=\"canonical\" href=\"https:\/\/sigbenelux.com\/fr\/notre-marque-speedline\/\" \/>\n<meta property=\"og:locale\" content=\"fr_FR\" \/>\n<meta property=\"og:type\" content=\"article\" \/>\n<meta property=\"og:title\" content=\"Notre marque Speedline - SIG Benelux\" \/>\n<meta property=\"og:description\" content=\"LE BON DU PREMIER COUP EST TOUJOURS PLUS RAPIDE Nous comprenons mieux...\" \/>\n<meta property=\"og:url\" content=\"https:\/\/sigbenelux.com\/fr\/notre-marque-speedline\/\" \/>\n<meta property=\"og:site_name\" content=\"SIG Benelux\" \/>\n<meta property=\"article:modified_time\" content=\"2022-07-08T10:24:30+00:00\" \/>\n<meta property=\"og:image\" content=\"https:\/\/sigbenelux.com\/wp-content\/uploads\/2022\/02\/speedline-header.jpg\" \/>\n\t<meta property=\"og:image:width\" content=\"2560\" \/>\n\t<meta property=\"og:image:height\" content=\"569\" \/>\n\t<meta property=\"og:image:type\" content=\"image\/jpeg\" \/>\n<meta name=\"twitter:card\" content=\"summary_large_image\" \/>\n<meta name=\"twitter:label1\" content=\"Dur\u00e9e de lecture estim\u00e9e\" \/>\n\t<meta name=\"twitter:data1\" content=\"4 minutes\" \/>\n<script type=\"application\/ld+json\" class=\"yoast-schema-graph\">{\"@context\":\"https:\\\/\\\/schema.org\",\"@graph\":[{\"@type\":\"WebPage\",\"@id\":\"https:\\\/\\\/sigbenelux.com\\\/fr\\\/notre-marque-speedline\\\/\",\"url\":\"https:\\\/\\\/sigbenelux.com\\\/fr\\\/notre-marque-speedline\\\/\",\"name\":\"Notre marque Speedline - SIG Benelux\",\"isPartOf\":{\"@id\":\"https:\\\/\\\/sigbenelux.com\\\/fr\\\/#website\"},\"primaryImageOfPage\":{\"@id\":\"https:\\\/\\\/sigbenelux.com\\\/fr\\\/notre-marque-speedline\\\/#primaryimage\"},\"image\":{\"@id\":\"https:\\\/\\\/sigbenelux.com\\\/fr\\\/notre-marque-speedline\\\/#primaryimage\"},\"thumbnailUrl\":\"https:\\\/\\\/sigbenelux.com\\\/wp-content\\\/uploads\\\/2024\\\/02\\\/speedline-header.jpg\",\"datePublished\":\"2022-01-04T10:47:48+00:00\",\"dateModified\":\"2022-07-08T10:24:30+00:00\",\"breadcrumb\":{\"@id\":\"https:\\\/\\\/sigbenelux.com\\\/fr\\\/notre-marque-speedline\\\/#breadcrumb\"},\"inLanguage\":\"fr-FR\",\"potentialAction\":[{\"@type\":\"ReadAction\",\"target\":[\"https:\\\/\\\/sigbenelux.com\\\/fr\\\/notre-marque-speedline\\\/\"]}]},{\"@type\":\"ImageObject\",\"inLanguage\":\"fr-FR\",\"@id\":\"https:\\\/\\\/sigbenelux.com\\\/fr\\\/notre-marque-speedline\\\/#primaryimage\",\"url\":\"https:\\\/\\\/sigbenelux.com\\\/wp-content\\\/uploads\\\/2024\\\/02\\\/speedline-header.jpg\",\"contentUrl\":\"https:\\\/\\\/sigbenelux.com\\\/wp-content\\\/uploads\\\/2024\\\/02\\\/speedline-header.jpg\",\"width\":2560,\"height\":569},{\"@type\":\"BreadcrumbList\",\"@id\":\"https:\\\/\\\/sigbenelux.com\\\/fr\\\/notre-marque-speedline\\\/#breadcrumb\",\"itemListElement\":[{\"@type\":\"ListItem\",\"position\":1,\"name\":\"Home\",\"item\":\"https:\\\/\\\/sigbenelux.com\\\/fr\\\/\"},{\"@type\":\"ListItem\",\"position\":2,\"name\":\"Notre marque Speedline\"}]},{\"@type\":\"WebSite\",\"@id\":\"https:\\\/\\\/sigbenelux.com\\\/fr\\\/#website\",\"url\":\"https:\\\/\\\/sigbenelux.com\\\/fr\\\/\",\"name\":\"SIG Benelux\",\"description\":\"\",\"potentialAction\":[{\"@type\":\"SearchAction\",\"target\":{\"@type\":\"EntryPoint\",\"urlTemplate\":\"https:\\\/\\\/sigbenelux.com\\\/fr\\\/?s={search_term_string}\"},\"query-input\":{\"@type\":\"PropertyValueSpecification\",\"valueRequired\":true,\"valueName\":\"search_term_string\"}}],\"inLanguage\":\"fr-FR\"}]}<\/script>\n<!-- \/ Yoast SEO plugin. -->","yoast_head_json":{"title":"Notre marque Speedline - SIG Benelux","robots":{"index":"index","follow":"follow","max-snippet":"max-snippet:-1","max-image-preview":"max-image-preview:large","max-video-preview":"max-video-preview:-1"},"canonical":"https:\/\/sigbenelux.com\/fr\/notre-marque-speedline\/","og_locale":"fr_FR","og_type":"article","og_title":"Notre marque Speedline - SIG Benelux","og_description":"LE BON DU PREMIER COUP EST TOUJOURS PLUS RAPIDE Nous comprenons mieux...","og_url":"https:\/\/sigbenelux.com\/fr\/notre-marque-speedline\/","og_site_name":"SIG Benelux","article_modified_time":"2022-07-08T10:24:30+00:00","og_image":[{"width":2560,"height":569,"url":"https:\/\/sigbenelux.com\/wp-content\/uploads\/2022\/02\/speedline-header.jpg","type":"image\/jpeg"}],"twitter_card":"summary_large_image","twitter_misc":{"Dur\u00e9e de lecture estim\u00e9e":"4 minutes"},"schema":{"@context":"https:\/\/schema.org","@graph":[{"@type":"WebPage","@id":"https:\/\/sigbenelux.com\/fr\/notre-marque-speedline\/","url":"https:\/\/sigbenelux.com\/fr\/notre-marque-speedline\/","name":"Notre marque Speedline - SIG Benelux","isPartOf":{"@id":"https:\/\/sigbenelux.com\/fr\/#website"},"primaryImageOfPage":{"@id":"https:\/\/sigbenelux.com\/fr\/notre-marque-speedline\/#primaryimage"},"image":{"@id":"https:\/\/sigbenelux.com\/fr\/notre-marque-speedline\/#primaryimage"},"thumbnailUrl":"https:\/\/sigbenelux.com\/wp-content\/uploads\/2024\/02\/speedline-header.jpg","datePublished":"2022-01-04T10:47:48+00:00","dateModified":"2022-07-08T10:24:30+00:00","breadcrumb":{"@id":"https:\/\/sigbenelux.com\/fr\/notre-marque-speedline\/#breadcrumb"},"inLanguage":"fr-FR","potentialAction":[{"@type":"ReadAction","target":["https:\/\/sigbenelux.com\/fr\/notre-marque-speedline\/"]}]},{"@type":"ImageObject","inLanguage":"fr-FR","@id":"https:\/\/sigbenelux.com\/fr\/notre-marque-speedline\/#primaryimage","url":"https:\/\/sigbenelux.com\/wp-content\/uploads\/2024\/02\/speedline-header.jpg","contentUrl":"https:\/\/sigbenelux.com\/wp-content\/uploads\/2024\/02\/speedline-header.jpg","width":2560,"height":569},{"@type":"BreadcrumbList","@id":"https:\/\/sigbenelux.com\/fr\/notre-marque-speedline\/#breadcrumb","itemListElement":[{"@type":"ListItem","position":1,"name":"Home","item":"https:\/\/sigbenelux.com\/fr\/"},{"@type":"ListItem","position":2,"name":"Notre marque Speedline"}]},{"@type":"WebSite","@id":"https:\/\/sigbenelux.com\/fr\/#website","url":"https:\/\/sigbenelux.com\/fr\/","name":"SIG Benelux","description":"","potentialAction":[{"@type":"SearchAction","target":{"@type":"EntryPoint","urlTemplate":"https:\/\/sigbenelux.com\/fr\/?s={search_term_string}"},"query-input":{"@type":"PropertyValueSpecification","valueRequired":true,"valueName":"search_term_string"}}],"inLanguage":"fr-FR"}]}},"_links":{"self":[{"href":"https:\/\/sigbenelux.com\/fr\/wp-json\/wp\/v2\/pages\/811","targetHints":{"allow":["GET"]}}],"collection":[{"href":"https:\/\/sigbenelux.com\/fr\/wp-json\/wp\/v2\/pages"}],"about":[{"href":"https:\/\/sigbenelux.com\/fr\/wp-json\/wp\/v2\/types\/page"}],"author":[{"embeddable":true,"href":"https:\/\/sigbenelux.com\/fr\/wp-json\/wp\/v2\/users\/1"}],"replies":[{"embeddable":true,"href":"https:\/\/sigbenelux.com\/fr\/wp-json\/wp\/v2\/comments?post=811"}],"version-history":[{"count":5,"href":"https:\/\/sigbenelux.com\/fr\/wp-json\/wp\/v2\/pages\/811\/revisions"}],"predecessor-version":[{"id":878,"href":"https:\/\/sigbenelux.com\/fr\/wp-json\/wp\/v2\/pages\/811\/revisions\/878"}],"wp:featuredmedia":[{"embeddable":true,"href":"https:\/\/sigbenelux.com\/fr\/wp-json\/wp\/v2\/media\/1512"}],"wp:attachment":[{"href":"https:\/\/sigbenelux.com\/fr\/wp-json\/wp\/v2\/media?parent=811"}],"curies":[{"name":"wp","href":"https:\/\/api.w.org\/{rel}","templated":true}]}}