{"id":838,"date":"2021-12-03T17:51:32","date_gmt":"2021-12-03T16:51:32","guid":{"rendered":"https:\/\/sigbenelux.com\/sig-aux-pays-bas\/"},"modified":"2022-06-21T15:26:51","modified_gmt":"2022-06-21T14:26:51","slug":"sig-aux-pays-bas","status":"publish","type":"page","link":"https:\/\/sigbenelux.com\/fr\/sig-aux-pays-bas\/","title":{"rendered":"SIG aux Pays-Bas"},"content":{"rendered":"\n<p>Nos boutiques en ligne, o\u00f9 nos clients peuvent commander des mat\u00e9riaux 24 heures sur 24 et 7 jours sur 7, jouent un r\u00f4le important. Nous visons une branche id\u00e9ale pour l&rsquo;avenir. Dans cette filiale de SIG, qui s&rsquo;\u00e9tend sur environ 2 500 m2, le sp\u00e9cialiste trouvera toutes nos sp\u00e9cialit\u00e9s sous un m\u00eame toit. Avec une formule de magasin reconnaissable qui facilite la vie des clients et des fournisseurs. Nous nous concentrons \u00e9galement sur les solutions logistiques \u00e0 partir de nos entrep\u00f4ts de Waalwijk et de Nieuwegein.<\/p>\n\n<p>Le site de production de Technical Insulation est \u00e9galement situ\u00e9 \u00e0 Waalwijk et est sp\u00e9cialis\u00e9 dans le traitement de tous les mat\u00e9riaux d&rsquo;isolation possibles. L&rsquo;entreprise dispose d&rsquo;une longue exp\u00e9rience en ce qui concerne toutes les exigences OEM possibles.<\/p>\n\n<div class=\"video-block\">\r\n\r\n<h2 class=\"text-primary\">Nous sommes SIG<\/h2>\r\n\r\n\r\n<div class=\"video_wrapper video_wrapper_full js-videoWrapper\">\r\n<iframe class=\"videoIframe js-videoIframe\" src=\"\" frameborder=\"0\" allowtransparency=\"true\" allowfullscreen=\"\" data-src=\"https:\/\/www.youtube.com\/embed\/4i-eYY69Ab8?enablejsapi=1&#038;autoplay=1&#038;modestbranding=1&#038;rel=0&#038;loop=1&#038;mute=1\" allow=\"autoplay; fullscreen\"><\/iframe>\r\n<button class=\"videoPoster js-videoPoster\" style=\"background-image:url('\/wp-content\/themes\/sigbenelux\/images\/bg-video-fallback.jpg');\">\r\n          <svg class=\"play-vid\" viewbox=\"0 0 100 100\"><path class=\"stroke-solid\" fill=\"none\" stroke=\"white\" d=\"M49.9,2.5C23.6,2.8,2.1,24.4,2.5,50.4C2.9,76.5,24.7,98,50.3,97.5c26.4-0.6,47.4-21.8,47.2-47.7\r\n         C97.3,23.7,75.7,2.3,49.9,2.5\"><\/path><path class=\"stroke-dotted\" fill=\"none\" stroke=\"white\" d=\"M49.9,2.5C23.6,2.8,2.1,24.4,2.5,50.4C2.9,76.5,24.7,98,50.3,97.5c26.4-0.6,47.4-21.8,47.2-47.7\r\n         C97.3,23.7,75.7,2.3,49.9,2.5\"><\/path><path class=\"vid-icon\" fill=\"white\" d=\"M38,69c-1,0.5-1.8,0-1.8-1.1V32.1c0-1.1,0.8-1.6,1.8-1.1l34,18c1,0.5,1,1.4,0,1.9L38,69z\"><\/path><\/svg><\/button>\r\n<\/div>\r\n\r\n<div>\r\n<\/div><\/div>\n<p><\/p>\n","protected":false},"excerpt":{"rendered":"<p>Nos boutiques en ligne, o\u00f9 nos clients peuvent commander des mat\u00e9riaux 24&#8230;<\/p>\n","protected":false},"author":1,"featured_media":1921,"parent":0,"menu_order":0,"comment_status":"closed","ping_status":"closed","template":"","meta":{"_acf_changed":false,"footnotes":""},"class_list":["post-838","page","type-page","status-publish","has-post-thumbnail","hentry"],"acf":[],"yoast_head":"<!-- This site is optimized with the Yoast SEO plugin v27.3 - https:\/\/yoast.com\/product\/yoast-seo-wordpress\/ -->\n<title>SIG aux Pays-Bas - SIG Benelux<\/title>\n<meta name=\"robots\" content=\"index, follow, max-snippet:-1, max-image-preview:large, max-video-preview:-1\" \/>\n<link rel=\"canonical\" href=\"https:\/\/sigbenelux.com\/fr\/sig-aux-pays-bas\/\" \/>\n<meta property=\"og:locale\" content=\"fr_FR\" \/>\n<meta property=\"og:type\" content=\"article\" \/>\n<meta property=\"og:title\" content=\"SIG aux Pays-Bas - SIG Benelux\" \/>\n<meta property=\"og:description\" content=\"Nos boutiques en ligne, o\u00f9 nos clients peuvent commander des mat\u00e9riaux 24...\" \/>\n<meta property=\"og:url\" content=\"https:\/\/sigbenelux.com\/fr\/sig-aux-pays-bas\/\" \/>\n<meta property=\"og:site_name\" content=\"SIG Benelux\" \/>\n<meta property=\"article:modified_time\" content=\"2022-06-21T14:26:51+00:00\" \/>\n<meta property=\"og:image\" content=\"https:\/\/sigbenelux.com\/wp-content\/uploads\/2021\/12\/header-reinier-scaled.jpg\" \/>\n\t<meta property=\"og:image:width\" content=\"2560\" \/>\n\t<meta property=\"og:image:height\" content=\"569\" \/>\n\t<meta property=\"og:image:type\" content=\"image\/jpeg\" \/>\n<meta name=\"twitter:card\" content=\"summary_large_image\" \/>\n<meta name=\"twitter:label1\" content=\"Dur\u00e9e de lecture estim\u00e9e\" \/>\n\t<meta name=\"twitter:data1\" content=\"1 minute\" \/>\n<script type=\"application\/ld+json\" class=\"yoast-schema-graph\">{\"@context\":\"https:\\\/\\\/schema.org\",\"@graph\":[{\"@type\":\"WebPage\",\"@id\":\"https:\\\/\\\/sigbenelux.com\\\/fr\\\/sig-aux-pays-bas\\\/\",\"url\":\"https:\\\/\\\/sigbenelux.com\\\/fr\\\/sig-aux-pays-bas\\\/\",\"name\":\"SIG aux Pays-Bas - SIG Benelux\",\"isPartOf\":{\"@id\":\"https:\\\/\\\/sigbenelux.com\\\/fr\\\/#website\"},\"primaryImageOfPage\":{\"@id\":\"https:\\\/\\\/sigbenelux.com\\\/fr\\\/sig-aux-pays-bas\\\/#primaryimage\"},\"image\":{\"@id\":\"https:\\\/\\\/sigbenelux.com\\\/fr\\\/sig-aux-pays-bas\\\/#primaryimage\"},\"thumbnailUrl\":\"https:\\\/\\\/sigbenelux.com\\\/wp-content\\\/uploads\\\/2024\\\/12\\\/job-wide.jpg\",\"datePublished\":\"2021-12-03T16:51:32+00:00\",\"dateModified\":\"2022-06-21T14:26:51+00:00\",\"breadcrumb\":{\"@id\":\"https:\\\/\\\/sigbenelux.com\\\/fr\\\/sig-aux-pays-bas\\\/#breadcrumb\"},\"inLanguage\":\"fr-FR\",\"potentialAction\":[{\"@type\":\"ReadAction\",\"target\":[\"https:\\\/\\\/sigbenelux.com\\\/fr\\\/sig-aux-pays-bas\\\/\"]}]},{\"@type\":\"ImageObject\",\"inLanguage\":\"fr-FR\",\"@id\":\"https:\\\/\\\/sigbenelux.com\\\/fr\\\/sig-aux-pays-bas\\\/#primaryimage\",\"url\":\"https:\\\/\\\/sigbenelux.com\\\/wp-content\\\/uploads\\\/2024\\\/12\\\/job-wide.jpg\",\"contentUrl\":\"https:\\\/\\\/sigbenelux.com\\\/wp-content\\\/uploads\\\/2024\\\/12\\\/job-wide.jpg\",\"width\":1950,\"height\":731},{\"@type\":\"BreadcrumbList\",\"@id\":\"https:\\\/\\\/sigbenelux.com\\\/fr\\\/sig-aux-pays-bas\\\/#breadcrumb\",\"itemListElement\":[{\"@type\":\"ListItem\",\"position\":1,\"name\":\"Home\",\"item\":\"https:\\\/\\\/sigbenelux.com\\\/fr\\\/\"},{\"@type\":\"ListItem\",\"position\":2,\"name\":\"SIG aux Pays-Bas\"}]},{\"@type\":\"WebSite\",\"@id\":\"https:\\\/\\\/sigbenelux.com\\\/fr\\\/#website\",\"url\":\"https:\\\/\\\/sigbenelux.com\\\/fr\\\/\",\"name\":\"SIG Benelux\",\"description\":\"\",\"potentialAction\":[{\"@type\":\"SearchAction\",\"target\":{\"@type\":\"EntryPoint\",\"urlTemplate\":\"https:\\\/\\\/sigbenelux.com\\\/fr\\\/?s={search_term_string}\"},\"query-input\":{\"@type\":\"PropertyValueSpecification\",\"valueRequired\":true,\"valueName\":\"search_term_string\"}}],\"inLanguage\":\"fr-FR\"}]}<\/script>\n<!-- \/ Yoast SEO plugin. -->","yoast_head_json":{"title":"SIG aux Pays-Bas - SIG Benelux","robots":{"index":"index","follow":"follow","max-snippet":"max-snippet:-1","max-image-preview":"max-image-preview:large","max-video-preview":"max-video-preview:-1"},"canonical":"https:\/\/sigbenelux.com\/fr\/sig-aux-pays-bas\/","og_locale":"fr_FR","og_type":"article","og_title":"SIG aux Pays-Bas - SIG Benelux","og_description":"Nos boutiques en ligne, o\u00f9 nos clients peuvent commander des mat\u00e9riaux 24...","og_url":"https:\/\/sigbenelux.com\/fr\/sig-aux-pays-bas\/","og_site_name":"SIG Benelux","article_modified_time":"2022-06-21T14:26:51+00:00","og_image":[{"width":2560,"height":569,"url":"https:\/\/sigbenelux.com\/wp-content\/uploads\/2021\/12\/header-reinier-scaled.jpg","type":"image\/jpeg"}],"twitter_card":"summary_large_image","twitter_misc":{"Dur\u00e9e de lecture estim\u00e9e":"1 minute"},"schema":{"@context":"https:\/\/schema.org","@graph":[{"@type":"WebPage","@id":"https:\/\/sigbenelux.com\/fr\/sig-aux-pays-bas\/","url":"https:\/\/sigbenelux.com\/fr\/sig-aux-pays-bas\/","name":"SIG aux Pays-Bas - SIG Benelux","isPartOf":{"@id":"https:\/\/sigbenelux.com\/fr\/#website"},"primaryImageOfPage":{"@id":"https:\/\/sigbenelux.com\/fr\/sig-aux-pays-bas\/#primaryimage"},"image":{"@id":"https:\/\/sigbenelux.com\/fr\/sig-aux-pays-bas\/#primaryimage"},"thumbnailUrl":"https:\/\/sigbenelux.com\/wp-content\/uploads\/2024\/12\/job-wide.jpg","datePublished":"2021-12-03T16:51:32+00:00","dateModified":"2022-06-21T14:26:51+00:00","breadcrumb":{"@id":"https:\/\/sigbenelux.com\/fr\/sig-aux-pays-bas\/#breadcrumb"},"inLanguage":"fr-FR","potentialAction":[{"@type":"ReadAction","target":["https:\/\/sigbenelux.com\/fr\/sig-aux-pays-bas\/"]}]},{"@type":"ImageObject","inLanguage":"fr-FR","@id":"https:\/\/sigbenelux.com\/fr\/sig-aux-pays-bas\/#primaryimage","url":"https:\/\/sigbenelux.com\/wp-content\/uploads\/2024\/12\/job-wide.jpg","contentUrl":"https:\/\/sigbenelux.com\/wp-content\/uploads\/2024\/12\/job-wide.jpg","width":1950,"height":731},{"@type":"BreadcrumbList","@id":"https:\/\/sigbenelux.com\/fr\/sig-aux-pays-bas\/#breadcrumb","itemListElement":[{"@type":"ListItem","position":1,"name":"Home","item":"https:\/\/sigbenelux.com\/fr\/"},{"@type":"ListItem","position":2,"name":"SIG aux Pays-Bas"}]},{"@type":"WebSite","@id":"https:\/\/sigbenelux.com\/fr\/#website","url":"https:\/\/sigbenelux.com\/fr\/","name":"SIG Benelux","description":"","potentialAction":[{"@type":"SearchAction","target":{"@type":"EntryPoint","urlTemplate":"https:\/\/sigbenelux.com\/fr\/?s={search_term_string}"},"query-input":{"@type":"PropertyValueSpecification","valueRequired":true,"valueName":"search_term_string"}}],"inLanguage":"fr-FR"}]}},"_links":{"self":[{"href":"https:\/\/sigbenelux.com\/fr\/wp-json\/wp\/v2\/pages\/838","targetHints":{"allow":["GET"]}}],"collection":[{"href":"https:\/\/sigbenelux.com\/fr\/wp-json\/wp\/v2\/pages"}],"about":[{"href":"https:\/\/sigbenelux.com\/fr\/wp-json\/wp\/v2\/types\/page"}],"author":[{"embeddable":true,"href":"https:\/\/sigbenelux.com\/fr\/wp-json\/wp\/v2\/users\/1"}],"replies":[{"embeddable":true,"href":"https:\/\/sigbenelux.com\/fr\/wp-json\/wp\/v2\/comments?post=838"}],"version-history":[{"count":1,"href":"https:\/\/sigbenelux.com\/fr\/wp-json\/wp\/v2\/pages\/838\/revisions"}],"predecessor-version":[{"id":839,"href":"https:\/\/sigbenelux.com\/fr\/wp-json\/wp\/v2\/pages\/838\/revisions\/839"}],"wp:featuredmedia":[{"embeddable":true,"href":"https:\/\/sigbenelux.com\/fr\/wp-json\/wp\/v2\/media\/1921"}],"wp:attachment":[{"href":"https:\/\/sigbenelux.com\/fr\/wp-json\/wp\/v2\/media?parent=838"}],"curies":[{"name":"wp","href":"https:\/\/api.w.org\/{rel}","templated":true}]}}